{"id":46,"date":"2023-04-24T19:46:49","date_gmt":"2023-04-24T18:46:49","guid":{"rendered":"https:\/\/www.karlsruher-bruecken.de\/?page_id=46"},"modified":"2023-04-24T22:09:39","modified_gmt":"2023-04-24T20:09:39","slug":"willkommen-auf-der-webseite-des-karlsruher-bruecken-e-v","status":"publish","type":"page","link":"https:\/\/www.karlsruher-bruecken.de\/","title":{"rendered":"Willkommen auf der Webseite des Karlsruher Br\u00fccken e.V.!"},"content":{"rendered":"\t\t<div data-elementor-type=\"wp-page\" data-elementor-id=\"46\" class=\"elementor elementor-46\">\n\t\t\t\t\t\t<section class=\"elementor-section elementor-top-section elementor-element elementor-element-f2ccac2 elementor-section-boxed elementor-section-height-default elementor-section-height-default\" data-id=\"f2ccac2\" data-element_type=\"section\" data-e-type=\"section\">\n\t\t\t\t\t\t<div class=\"elementor-container elementor-column-gap-default\">\n\t\t\t\t\t<div class=\"elementor-column elementor-col-100 elementor-top-column elementor-element elementor-element-cb57be4\" data-id=\"cb57be4\" data-element_type=\"column\" data-e-type=\"column\">\n\t\t\t<div class=\"elementor-widget-wrap elementor-element-populated\">\n\t\t\t\t\t\t<div class=\"elementor-element elementor-element-4d7d774 elementor-widget elementor-widget-heading\" data-id=\"4d7d774\" data-element_type=\"widget\" data-e-type=\"widget\" data-widget_type=\"heading.default\">\n\t\t\t\t<div class=\"elementor-widget-container\">\n\t\t\t\t\t<h2 class=\"elementor-heading-title elementor-size-default\">Willkommen auf der Webseite des Karlsruher Br\u00fccken e.V.!<\/h2>\t\t\t\t<\/div>\n\t\t\t\t<\/div>\n\t\t\t\t\t<\/div>\n\t\t<\/div>\n\t\t\t\t\t<\/div>\n\t\t<\/section>\n\t\t\t\t<section class=\"elementor-section elementor-top-section elementor-element elementor-element-05c76e5 elementor-section-boxed elementor-section-height-default elementor-section-height-default\" data-id=\"05c76e5\" data-element_type=\"section\" data-e-type=\"section\">\n\t\t\t\t\t\t<div class=\"elementor-container elementor-column-gap-default\">\n\t\t\t\t\t<div class=\"elementor-column elementor-col-100 elementor-top-column elementor-element elementor-element-01fbc45\" data-id=\"01fbc45\" data-element_type=\"column\" data-e-type=\"column\">\n\t\t\t<div class=\"elementor-widget-wrap elementor-element-populated\">\n\t\t\t\t\t\t<div class=\"elementor-element elementor-element-d18e9cb elementor-widget elementor-widget-text-editor\" data-id=\"d18e9cb\" data-element_type=\"widget\" data-e-type=\"widget\" data-widget_type=\"text-editor.default\">\n\t\t\t\t<div class=\"elementor-widget-container\">\n\t\t\t\t\t\t\t\t\t<p><span style=\"color: #222222; font-family: Arial, Helvetica, sans-serif; font-size: small;\">Wir sind ein gemeinn\u00fctziger Verein, der sich seit 1999 aktiv f\u00fcr die Unterst\u00fctzung von Kindern und Jugendlichen einsetzt.<\/span><\/p>\t\t\t\t\t\t\t\t<\/div>\n\t\t\t\t<\/div>\n\t\t\t\t<div class=\"elementor-element elementor-element-f76ad99 elementor-widget__width-inherit elementor-widget elementor-widget-image\" data-id=\"f76ad99\" data-element_type=\"widget\" data-e-type=\"widget\" data-widget_type=\"image.default\">\n\t\t\t\t<div class=\"elementor-widget-container\">\n\t\t\t\t\t\t\t\t\t\t\t\t\t\t\t<img fetchpriority=\"high\" decoding=\"async\" width=\"800\" height=\"524\" src=\"https:\/\/www.karlsruher-bruecken.de\/wp-content\/uploads\/2023\/04\/180513-Godringen-Gruppenfoto-1-1024x671.jpg\" class=\"attachment-large size-large wp-image-55\" alt=\"\" srcset=\"https:\/\/www.karlsruher-bruecken.de\/wp-content\/uploads\/2023\/04\/180513-Godringen-Gruppenfoto-1-1024x671.jpg 1024w, https:\/\/www.karlsruher-bruecken.de\/wp-content\/uploads\/2023\/04\/180513-Godringen-Gruppenfoto-1-300x197.jpg 300w, https:\/\/www.karlsruher-bruecken.de\/wp-content\/uploads\/2023\/04\/180513-Godringen-Gruppenfoto-1-768x503.jpg 768w, https:\/\/www.karlsruher-bruecken.de\/wp-content\/uploads\/2023\/04\/180513-Godringen-Gruppenfoto-1.jpg 1212w\" sizes=\"(max-width: 800px) 100vw, 800px\" \/>\t\t\t\t\t\t\t\t\t\t\t\t\t\t\t<\/div>\n\t\t\t\t<\/div>\n\t\t\t\t\t<\/div>\n\t\t<\/div>\n\t\t\t\t\t<\/div>\n\t\t<\/section>\n\t\t\t\t<section class=\"elementor-section elementor-top-section elementor-element elementor-element-5f48253 elementor-section-boxed elementor-section-height-default elementor-section-height-default\" data-id=\"5f48253\" data-element_type=\"section\" data-e-type=\"section\">\n\t\t\t\t\t\t<div class=\"elementor-container elementor-column-gap-default\">\n\t\t\t\t\t<div class=\"elementor-column elementor-col-100 elementor-top-column elementor-element elementor-element-1c4228a\" data-id=\"1c4228a\" data-element_type=\"column\" data-e-type=\"column\">\n\t\t\t<div class=\"elementor-widget-wrap elementor-element-populated\">\n\t\t\t\t\t\t<div class=\"elementor-element elementor-element-fee0e32 elementor-widget elementor-widget-text-editor\" data-id=\"fee0e32\" data-element_type=\"widget\" data-e-type=\"widget\" data-widget_type=\"text-editor.default\">\n\t\t\t\t<div class=\"elementor-widget-container\">\n\t\t\t\t\t\t\t\t\t<p><span style=\"color: #222222; font-family: Arial, Helvetica, sans-serif; font-size: small;\">Zweck unseres Vereins ist es, die kulturellen Auslandsbeziehungen Deutschlands auf der Grundlage gleichwertiger Partnerschaft, Freundschaft und Zusammenarbeit zu f\u00f6rdern und zu pflegen. Einerseits unterst\u00fctzen wir hierzu langfristig internationale Projekte wie die Arbeitsgruppe Recife, die Stra\u00dfenkindern in Brasilien hilft. Z<\/span><span style=\"color: #222222; font-family: Arial, Helvetica, sans-serif; font-size: small;\">ur<\/span><a href=\"http:\/\/www.ag-recife.de\/cms\/ag-recife\/unterstuetzung.html\" target=\"_blank\"> Arbeitsgruppe Recife e.V.<\/a><br style=\"color: #222222; font-family: Arial, Helvetica, sans-serif; font-size: small;\"><br style=\"color: #222222; font-family: Arial, Helvetica, sans-serif; font-size: small;\"><span style=\"color: #222222; font-family: Arial, Helvetica, sans-serif; font-size: small;\">Andererseits helfen wir immer wieder lokalen Organisationen wie Kinderg\u00e4rten, Schulen, Kranken- und Pflegeeinrichtungen mit finanziellen Zuwendungen, \u00fcber deren Wirksamkeit wir uns vor Ort pers\u00f6nlich aufkl\u00e4ren lassen.<\/span><br style=\"color: #222222; font-family: Arial, Helvetica, sans-serif; font-size: small;\"><br style=\"color: #222222; font-family: Arial, Helvetica, sans-serif; font-size: small;\"><span style=\"color: #222222; font-family: Arial, Helvetica, sans-serif; font-size: small;\">Wenn auch Sie uns unterst\u00fctzen m\u00f6chten, spenden Sie bitte an:<\/span><br style=\"color: #222222; font-family: Arial, Helvetica, sans-serif; font-size: small;\"><br style=\"color: #222222; font-family: Arial, Helvetica, sans-serif; font-size: small;\"><span style=\"color: #222222; font-family: Arial, Helvetica, sans-serif; font-size: small;\">Verein Karlsruher Br\u00fccken e.V.<\/span><br style=\"color: #222222; font-family: Arial, Helvetica, sans-serif; font-size: small;\"><br style=\"color: #222222; font-family: Arial, Helvetica, sans-serif; font-size: small;\"><span style=\"color: #222222; font-family: Arial, Helvetica, sans-serif; font-size: small;\">IBAN DE21 6619 0000 0010 0050 86<\/span><br style=\"color: #222222; font-family: Arial, Helvetica, sans-serif; font-size: small;\"><br style=\"color: #222222; font-family: Arial, Helvetica, sans-serif; font-size: small;\"><span style=\"color: #222222; font-family: Arial, Helvetica, sans-serif; font-size: small;\">Volksbank Karlsruhe (BIC GENODE61KA1)<\/span><\/p>\t\t\t\t\t\t\t\t<\/div>\n\t\t\t\t<\/div>\n\t\t\t\t\t<\/div>\n\t\t<\/div>\n\t\t\t\t\t<\/div>\n\t\t<\/section>\n\t\t\t\t<\/div>\n\t\t","protected":false},"excerpt":{"rendered":"<p>Willkommen auf der Webseite des Karlsruher Br\u00fccken e.V.! Wir sind ein gemeinn\u00fctziger Verein, der sich seit 1999 aktiv f\u00fcr die Unterst\u00fctzung von Kindern und Jugendlichen einsetzt. Zweck unseres Vereins ist es, die kulturellen Auslandsbeziehungen Deutschlands auf der Grundlage gleichwertiger Partnerschaft, Freundschaft und Zusammenarbeit zu f\u00f6rdern und zu pflegen. Einerseits unterst\u00fctzen wir hierzu langfristig internationale Projekte [&hellip;]<\/p>\n","protected":false},"author":1,"featured_media":0,"parent":0,"menu_order":0,"comment_status":"closed","ping_status":"closed","template":"elementor_header_footer","meta":{"footnotes":""},"class_list":["post-46","page","type-page","status-publish","hentry"],"_links":{"self":[{"href":"https:\/\/www.karlsruher-bruecken.de\/index.php?rest_route=\/wp\/v2\/pages\/46","targetHints":{"allow":["GET"]}}],"collection":[{"href":"https:\/\/www.karlsruher-bruecken.de\/index.php?rest_route=\/wp\/v2\/pages"}],"about":[{"href":"https:\/\/www.karlsruher-bruecken.de\/index.php?rest_route=\/wp\/v2\/types\/page"}],"author":[{"embeddable":true,"href":"https:\/\/www.karlsruher-bruecken.de\/index.php?rest_route=\/wp\/v2\/users\/1"}],"replies":[{"embeddable":true,"href":"https:\/\/www.karlsruher-bruecken.de\/index.php?rest_route=%2Fwp%2Fv2%2Fcomments&post=46"}],"version-history":[{"count":16,"href":"https:\/\/www.karlsruher-bruecken.de\/index.php?rest_route=\/wp\/v2\/pages\/46\/revisions"}],"predecessor-version":[{"id":85,"href":"https:\/\/www.karlsruher-bruecken.de\/index.php?rest_route=\/wp\/v2\/pages\/46\/revisions\/85"}],"wp:attachment":[{"href":"https:\/\/www.karlsruher-bruecken.de\/index.php?rest_route=%2Fwp%2Fv2%2Fmedia&parent=46"}],"curies":[{"name":"wp","href":"https:\/\/api.w.org\/{rel}","templated":true}]}}